{"id":4443,"date":"2018-09-03T13:23:22","date_gmt":"2018-09-03T13:23:22","guid":{"rendered":"http:\/\/visscher-caravelle.com\/duurzaamheid\/"},"modified":"2025-12-10T08:59:26","modified_gmt":"2025-12-10T07:59:26","slug":"zrownowazony-rozwoj","status":"publish","type":"page","link":"https:\/\/www.visscher-caravelle.com\/pl\/zrownowazony-rozwoj\/","title":{"rendered":"Zr\u00f3wnowa\u017cony rozw\u00f3j"},"content":{"rendered":"","protected":false},"excerpt":{"rendered":"","protected":false},"author":11,"featured_media":4731,"parent":0,"menu_order":0,"comment_status":"closed","ping_status":"closed","template":"","meta":{"_acf_changed":false,"_monsterinsights_skip_tracking":false,"_monsterinsights_sitenote_active":false,"_monsterinsights_sitenote_note":"","_monsterinsights_sitenote_category":0,"footnotes":""},"class_list":["post-4443","page","type-page","status-publish","has-post-thumbnail","hentry"],"acf":[],"yoast_head":"<!-- This site is optimized with the Yoast SEO plugin v27.2 - https:\/\/yoast.com\/product\/yoast-seo-wordpress\/ -->\n<title>Zr\u00f3wnowa\u017cony rozw\u00f3j - Visscher-Caravelle<\/title>\n<meta name=\"robots\" content=\"index, follow, max-snippet:-1, max-image-preview:large, max-video-preview:-1\" \/>\n<link rel=\"canonical\" href=\"https:\/\/www.visscher-caravelle.com\/pl\/zrownowazony-rozwoj\/\" \/>\n<meta property=\"og:locale\" content=\"pl_PL\" \/>\n<meta property=\"og:type\" content=\"article\" \/>\n<meta property=\"og:title\" content=\"Zr\u00f3wnowa\u017cony rozw\u00f3j - Visscher-Caravelle\" \/>\n<meta property=\"og:url\" content=\"https:\/\/www.visscher-caravelle.com\/pl\/zrownowazony-rozwoj\/\" \/>\n<meta property=\"og:site_name\" content=\"Visscher-Caravelle\" \/>\n<meta property=\"article:modified_time\" content=\"2025-12-10T07:59:26+00:00\" \/>\n<meta property=\"og:image\" content=\"https:\/\/www.visscher-caravelle.com\/wp-content\/uploads\/2018\/08\/Plant2.jpg\" \/>\n\t<meta property=\"og:image:width\" content=\"2091\" \/>\n\t<meta property=\"og:image:height\" content=\"437\" \/>\n\t<meta property=\"og:image:type\" content=\"image\/jpeg\" \/>\n<meta name=\"twitter:card\" content=\"summary_large_image\" \/>\n<meta name=\"twitter:label1\" content=\"Est. reading time\" \/>\n\t<meta name=\"twitter:data1\" content=\"1 minute\" \/>\n<script type=\"application\/ld+json\" class=\"yoast-schema-graph\">{\"@context\":\"https:\/\/schema.org\",\"@graph\":[{\"@type\":\"WebPage\",\"@id\":\"https:\/\/www.visscher-caravelle.com\/pl\/zrownowazony-rozwoj\/\",\"url\":\"https:\/\/www.visscher-caravelle.com\/pl\/zrownowazony-rozwoj\/\",\"name\":\"Zr\u00f3wnowa\u017cony rozw\u00f3j - Visscher-Caravelle\",\"isPartOf\":{\"@id\":\"https:\/\/www.visscher-caravelle.com\/#website\"},\"primaryImageOfPage\":{\"@id\":\"https:\/\/www.visscher-caravelle.com\/pl\/zrownowazony-rozwoj\/#primaryimage\"},\"image\":{\"@id\":\"https:\/\/www.visscher-caravelle.com\/pl\/zrownowazony-rozwoj\/#primaryimage\"},\"thumbnailUrl\":\"https:\/\/www.visscher-caravelle.com\/wp-content\/uploads\/2018\/08\/Plant2.jpg\",\"datePublished\":\"2018-09-03T13:23:22+00:00\",\"dateModified\":\"2025-12-10T07:59:26+00:00\",\"breadcrumb\":{\"@id\":\"https:\/\/www.visscher-caravelle.com\/pl\/zrownowazony-rozwoj\/#breadcrumb\"},\"inLanguage\":\"pl-PL\",\"potentialAction\":[{\"@type\":\"ReadAction\",\"target\":[\"https:\/\/www.visscher-caravelle.com\/pl\/zrownowazony-rozwoj\/\"]}]},{\"@type\":\"ImageObject\",\"inLanguage\":\"pl-PL\",\"@id\":\"https:\/\/www.visscher-caravelle.com\/pl\/zrownowazony-rozwoj\/#primaryimage\",\"url\":\"https:\/\/www.visscher-caravelle.com\/wp-content\/uploads\/2018\/08\/Plant2.jpg\",\"contentUrl\":\"https:\/\/www.visscher-caravelle.com\/wp-content\/uploads\/2018\/08\/Plant2.jpg\",\"width\":2091,\"height\":437},{\"@type\":\"BreadcrumbList\",\"@id\":\"https:\/\/www.visscher-caravelle.com\/pl\/zrownowazony-rozwoj\/#breadcrumb\",\"itemListElement\":[{\"@type\":\"ListItem\",\"position\":1,\"name\":\"Home\",\"item\":\"https:\/\/www.visscher-caravelle.com\/pl\/\"},{\"@type\":\"ListItem\",\"position\":2,\"name\":\"Zr\u00f3wnowa\u017cony rozw\u00f3j\"}]},{\"@type\":\"WebSite\",\"@id\":\"https:\/\/www.visscher-caravelle.com\/#website\",\"url\":\"https:\/\/www.visscher-caravelle.com\/\",\"name\":\"Visscher-Caravelle\",\"description\":\"\",\"publisher\":{\"@id\":\"https:\/\/www.visscher-caravelle.com\/#organization\"},\"potentialAction\":[{\"@type\":\"SearchAction\",\"target\":{\"@type\":\"EntryPoint\",\"urlTemplate\":\"https:\/\/www.visscher-caravelle.com\/?s={search_term_string}\"},\"query-input\":{\"@type\":\"PropertyValueSpecification\",\"valueRequired\":true,\"valueName\":\"search_term_string\"}}],\"inLanguage\":\"pl-PL\"},{\"@type\":\"Organization\",\"@id\":\"https:\/\/www.visscher-caravelle.com\/#organization\",\"name\":\"Visscher-Caravelle\",\"url\":\"https:\/\/www.visscher-caravelle.com\/\",\"logo\":{\"@type\":\"ImageObject\",\"inLanguage\":\"pl-PL\",\"@id\":\"https:\/\/www.visscher-caravelle.com\/#\/schema\/logo\/image\/\",\"url\":\"https:\/\/www.visscher-caravelle.com\/wp-content\/uploads\/2018\/08\/logoVC-1-small.png\",\"contentUrl\":\"https:\/\/www.visscher-caravelle.com\/wp-content\/uploads\/2018\/08\/logoVC-1-small.png\",\"width\":255,\"height\":56,\"caption\":\"Visscher-Caravelle\"},\"image\":{\"@id\":\"https:\/\/www.visscher-caravelle.com\/#\/schema\/logo\/image\/\"}}]}<\/script>\n<!-- \/ Yoast SEO plugin. -->","yoast_head_json":{"title":"Zr\u00f3wnowa\u017cony rozw\u00f3j - Visscher-Caravelle","robots":{"index":"index","follow":"follow","max-snippet":"max-snippet:-1","max-image-preview":"max-image-preview:large","max-video-preview":"max-video-preview:-1"},"canonical":"https:\/\/www.visscher-caravelle.com\/pl\/zrownowazony-rozwoj\/","og_locale":"pl_PL","og_type":"article","og_title":"Zr\u00f3wnowa\u017cony rozw\u00f3j - Visscher-Caravelle","og_url":"https:\/\/www.visscher-caravelle.com\/pl\/zrownowazony-rozwoj\/","og_site_name":"Visscher-Caravelle","article_modified_time":"2025-12-10T07:59:26+00:00","og_image":[{"width":2091,"height":437,"url":"https:\/\/www.visscher-caravelle.com\/wp-content\/uploads\/2018\/08\/Plant2.jpg","type":"image\/jpeg"}],"twitter_card":"summary_large_image","twitter_misc":{"Est. reading time":"1 minute"},"schema":{"@context":"https:\/\/schema.org","@graph":[{"@type":"WebPage","@id":"https:\/\/www.visscher-caravelle.com\/pl\/zrownowazony-rozwoj\/","url":"https:\/\/www.visscher-caravelle.com\/pl\/zrownowazony-rozwoj\/","name":"Zr\u00f3wnowa\u017cony rozw\u00f3j - Visscher-Caravelle","isPartOf":{"@id":"https:\/\/www.visscher-caravelle.com\/#website"},"primaryImageOfPage":{"@id":"https:\/\/www.visscher-caravelle.com\/pl\/zrownowazony-rozwoj\/#primaryimage"},"image":{"@id":"https:\/\/www.visscher-caravelle.com\/pl\/zrownowazony-rozwoj\/#primaryimage"},"thumbnailUrl":"https:\/\/www.visscher-caravelle.com\/wp-content\/uploads\/2018\/08\/Plant2.jpg","datePublished":"2018-09-03T13:23:22+00:00","dateModified":"2025-12-10T07:59:26+00:00","breadcrumb":{"@id":"https:\/\/www.visscher-caravelle.com\/pl\/zrownowazony-rozwoj\/#breadcrumb"},"inLanguage":"pl-PL","potentialAction":[{"@type":"ReadAction","target":["https:\/\/www.visscher-caravelle.com\/pl\/zrownowazony-rozwoj\/"]}]},{"@type":"ImageObject","inLanguage":"pl-PL","@id":"https:\/\/www.visscher-caravelle.com\/pl\/zrownowazony-rozwoj\/#primaryimage","url":"https:\/\/www.visscher-caravelle.com\/wp-content\/uploads\/2018\/08\/Plant2.jpg","contentUrl":"https:\/\/www.visscher-caravelle.com\/wp-content\/uploads\/2018\/08\/Plant2.jpg","width":2091,"height":437},{"@type":"BreadcrumbList","@id":"https:\/\/www.visscher-caravelle.com\/pl\/zrownowazony-rozwoj\/#breadcrumb","itemListElement":[{"@type":"ListItem","position":1,"name":"Home","item":"https:\/\/www.visscher-caravelle.com\/pl\/"},{"@type":"ListItem","position":2,"name":"Zr\u00f3wnowa\u017cony rozw\u00f3j"}]},{"@type":"WebSite","@id":"https:\/\/www.visscher-caravelle.com\/#website","url":"https:\/\/www.visscher-caravelle.com\/","name":"Visscher-Caravelle","description":"","publisher":{"@id":"https:\/\/www.visscher-caravelle.com\/#organization"},"potentialAction":[{"@type":"SearchAction","target":{"@type":"EntryPoint","urlTemplate":"https:\/\/www.visscher-caravelle.com\/?s={search_term_string}"},"query-input":{"@type":"PropertyValueSpecification","valueRequired":true,"valueName":"search_term_string"}}],"inLanguage":"pl-PL"},{"@type":"Organization","@id":"https:\/\/www.visscher-caravelle.com\/#organization","name":"Visscher-Caravelle","url":"https:\/\/www.visscher-caravelle.com\/","logo":{"@type":"ImageObject","inLanguage":"pl-PL","@id":"https:\/\/www.visscher-caravelle.com\/#\/schema\/logo\/image\/","url":"https:\/\/www.visscher-caravelle.com\/wp-content\/uploads\/2018\/08\/logoVC-1-small.png","contentUrl":"https:\/\/www.visscher-caravelle.com\/wp-content\/uploads\/2018\/08\/logoVC-1-small.png","width":255,"height":56,"caption":"Visscher-Caravelle"},"image":{"@id":"https:\/\/www.visscher-caravelle.com\/#\/schema\/logo\/image\/"}}]}},"_links":{"self":[{"href":"https:\/\/www.visscher-caravelle.com\/pl\/wp-json\/wp\/v2\/pages\/4443","targetHints":{"allow":["GET"]}}],"collection":[{"href":"https:\/\/www.visscher-caravelle.com\/pl\/wp-json\/wp\/v2\/pages"}],"about":[{"href":"https:\/\/www.visscher-caravelle.com\/pl\/wp-json\/wp\/v2\/types\/page"}],"author":[{"embeddable":true,"href":"https:\/\/www.visscher-caravelle.com\/pl\/wp-json\/wp\/v2\/users\/11"}],"replies":[{"embeddable":true,"href":"https:\/\/www.visscher-caravelle.com\/pl\/wp-json\/wp\/v2\/comments?post=4443"}],"version-history":[{"count":27,"href":"https:\/\/www.visscher-caravelle.com\/pl\/wp-json\/wp\/v2\/pages\/4443\/revisions"}],"predecessor-version":[{"id":9750,"href":"https:\/\/www.visscher-caravelle.com\/pl\/wp-json\/wp\/v2\/pages\/4443\/revisions\/9750"}],"wp:featuredmedia":[{"embeddable":true,"href":"https:\/\/www.visscher-caravelle.com\/pl\/wp-json\/wp\/v2\/media\/4731"}],"wp:attachment":[{"href":"https:\/\/www.visscher-caravelle.com\/pl\/wp-json\/wp\/v2\/media?parent=4443"}],"curies":[{"name":"wp","href":"https:\/\/api.w.org\/{rel}","templated":true}]}}