{"id":4440,"date":"2018-12-10T11:51:30","date_gmt":"2018-12-10T10:51:30","guid":{"rendered":"http:\/\/visscher-caravelle.com\/cookie-policy\/"},"modified":"2019-07-29T10:32:06","modified_gmt":"2019-07-29T09:32:06","slug":"cookie-policy","status":"publish","type":"page","link":"https:\/\/www.visscher-caravelle.com\/es\/cookie-policy\/","title":{"rendered":"Pol\u00edtica de cookies"},"content":{"rendered":"<p><strong>Pol\u00edtica de cookies <\/strong><\/p>\n<p>En esta p\u00e1gina encontrar\u00e1 el aviso legal de www.visscher-caravelle.com, tal como lo pone a disposici\u00f3n Visscher-Caravelle b.v. En este aviso legal, indicamos bajo qu\u00e9 condiciones le ofrecemos la informaci\u00f3n en nuestro sitio web.<\/p>\n<p><strong>Propiedad intelectual<\/strong><\/p>\n<p>El uso de la informaci\u00f3n en este sitio web es gratuito siempre y cuando no copie, distribuya o de otra manera use o use incorrectamente esta informaci\u00f3n. Solo puede reutilizar la informaci\u00f3n en este sitio web de acuerdo con las regulaciones de la ley obligatoria.<\/p>\n<p>Sin el consentimiento expreso por escrito de Visscher-Caravelle b.v. No est\u00e1 permitido utilizar texto, material fotogr\u00e1fico u otros materiales en este sitio web. La propiedad intelectual reside en Visscher-Caravelle.<\/p>\n<p><strong>No hay garant\u00eda de exactitud.<\/strong><\/p>\n<p>Visscher-Caravelle b.v. se esfuerza por conseguir un sitio web lo m\u00e1s actual posible. Si, a pesar de estos esfuerzos, la informaci\u00f3n o el contenido de este sitio web est\u00e1n incompletos o son incorrectos, no podemos aceptar ninguna responsabilidad por esto.<\/p>\n<p>La informaci\u00f3n y \/ o los productos en este sitio web se ofrecen sin ning\u00fan tipo de garant\u00eda y \/ o reclamo de correcci\u00f3n. Nos reservamos el derecho de cambiar, eliminar o volver a instalar esta informaci\u00f3n sin previo aviso. Visscher-Caravelle b.v. no asume ninguna responsabilidad por la informaci\u00f3n contenida en los sitios web a los que hacemos referencia a trav\u00e9s de hiperv\u00ednculos.<\/p>\n<p><strong>Modificaciones<\/strong><\/p>\n<p>Si este aviso legal cambia, encontrar\u00e1 la versi\u00f3n m\u00e1s reciente del aviso legal de www.visscher-caravelle.com en esta p\u00e1gina.<\/p>\n","protected":false},"excerpt":{"rendered":"<p>Pol\u00edtica de cookies En esta p\u00e1gina encontrar\u00e1 el aviso legal de www.visscher-caravelle.com, tal como lo pone a disposici\u00f3n Visscher-Caravelle b.v. En este aviso legal, indicamos bajo qu\u00e9 condiciones le ofrecemos la informaci\u00f3n en nuestro sitio web. Propiedad intelectual El uso de la informaci\u00f3n en este sitio web es gratuito siempre y cuando no copie, distribuya [&hellip;]<\/p>\n","protected":false},"author":11,"featured_media":0,"parent":0,"menu_order":0,"comment_status":"closed","ping_status":"closed","template":"","meta":{"_acf_changed":false,"_monsterinsights_skip_tracking":false,"_monsterinsights_sitenote_active":false,"_monsterinsights_sitenote_note":"","_monsterinsights_sitenote_category":0,"footnotes":""},"class_list":["post-4440","page","type-page","status-publish","hentry"],"acf":[],"yoast_head":"<!-- This site is optimized with the Yoast SEO plugin v27.3 - https:\/\/yoast.com\/product\/yoast-seo-wordpress\/ -->\n<title>Pol\u00edtica de cookies - Visscher-Caravelle<\/title>\n<meta name=\"robots\" content=\"index, follow, max-snippet:-1, max-image-preview:large, max-video-preview:-1\" \/>\n<link rel=\"canonical\" href=\"https:\/\/www.visscher-caravelle.com\/es\/cookie-policy\/\" \/>\n<meta property=\"og:locale\" content=\"es_ES\" \/>\n<meta property=\"og:type\" content=\"article\" \/>\n<meta property=\"og:title\" content=\"Pol\u00edtica de cookies - Visscher-Caravelle\" \/>\n<meta property=\"og:description\" content=\"Pol\u00edtica de cookies En esta p\u00e1gina encontrar\u00e1 el aviso legal de www.visscher-caravelle.com, tal como lo pone a disposici\u00f3n Visscher-Caravelle b.v. En este aviso legal, indicamos bajo qu\u00e9 condiciones le ofrecemos la informaci\u00f3n en nuestro sitio web. Propiedad intelectual El uso de la informaci\u00f3n en este sitio web es gratuito siempre y cuando no copie, distribuya [&hellip;]\" \/>\n<meta property=\"og:url\" content=\"https:\/\/www.visscher-caravelle.com\/es\/cookie-policy\/\" \/>\n<meta property=\"og:site_name\" content=\"Visscher-Caravelle\" \/>\n<meta property=\"article:modified_time\" content=\"2019-07-29T09:32:06+00:00\" \/>\n<meta name=\"twitter:card\" content=\"summary_large_image\" \/>\n<meta name=\"twitter:label1\" content=\"Est. reading time\" \/>\n\t<meta name=\"twitter:data1\" content=\"1 minute\" \/>\n<script type=\"application\/ld+json\" class=\"yoast-schema-graph\">{\"@context\":\"https:\\\/\\\/schema.org\",\"@graph\":[{\"@type\":\"WebPage\",\"@id\":\"https:\\\/\\\/www.visscher-caravelle.com\\\/es\\\/cookie-policy\\\/\",\"url\":\"https:\\\/\\\/www.visscher-caravelle.com\\\/es\\\/cookie-policy\\\/\",\"name\":\"Pol\u00edtica de cookies - Visscher-Caravelle\",\"isPartOf\":{\"@id\":\"https:\\\/\\\/www.visscher-caravelle.com\\\/#website\"},\"datePublished\":\"2018-12-10T10:51:30+00:00\",\"dateModified\":\"2019-07-29T09:32:06+00:00\",\"breadcrumb\":{\"@id\":\"https:\\\/\\\/www.visscher-caravelle.com\\\/es\\\/cookie-policy\\\/#breadcrumb\"},\"inLanguage\":\"es-ES\",\"potentialAction\":[{\"@type\":\"ReadAction\",\"target\":[\"https:\\\/\\\/www.visscher-caravelle.com\\\/es\\\/cookie-policy\\\/\"]}]},{\"@type\":\"BreadcrumbList\",\"@id\":\"https:\\\/\\\/www.visscher-caravelle.com\\\/es\\\/cookie-policy\\\/#breadcrumb\",\"itemListElement\":[{\"@type\":\"ListItem\",\"position\":1,\"name\":\"Home\",\"item\":\"https:\\\/\\\/www.visscher-caravelle.com\\\/es\\\/\"},{\"@type\":\"ListItem\",\"position\":2,\"name\":\"Pol\u00edtica de cookies\"}]},{\"@type\":\"WebSite\",\"@id\":\"https:\\\/\\\/www.visscher-caravelle.com\\\/#website\",\"url\":\"https:\\\/\\\/www.visscher-caravelle.com\\\/\",\"name\":\"Visscher-Caravelle\",\"description\":\"\",\"publisher\":{\"@id\":\"https:\\\/\\\/www.visscher-caravelle.com\\\/#organization\"},\"potentialAction\":[{\"@type\":\"SearchAction\",\"target\":{\"@type\":\"EntryPoint\",\"urlTemplate\":\"https:\\\/\\\/www.visscher-caravelle.com\\\/?s={search_term_string}\"},\"query-input\":{\"@type\":\"PropertyValueSpecification\",\"valueRequired\":true,\"valueName\":\"search_term_string\"}}],\"inLanguage\":\"es-ES\"},{\"@type\":\"Organization\",\"@id\":\"https:\\\/\\\/www.visscher-caravelle.com\\\/#organization\",\"name\":\"Visscher-Caravelle\",\"url\":\"https:\\\/\\\/www.visscher-caravelle.com\\\/\",\"logo\":{\"@type\":\"ImageObject\",\"inLanguage\":\"es-ES\",\"@id\":\"https:\\\/\\\/www.visscher-caravelle.com\\\/#\\\/schema\\\/logo\\\/image\\\/\",\"url\":\"https:\\\/\\\/www.visscher-caravelle.com\\\/wp-content\\\/uploads\\\/2018\\\/08\\\/logoVC-1-small.png\",\"contentUrl\":\"https:\\\/\\\/www.visscher-caravelle.com\\\/wp-content\\\/uploads\\\/2018\\\/08\\\/logoVC-1-small.png\",\"width\":255,\"height\":56,\"caption\":\"Visscher-Caravelle\"},\"image\":{\"@id\":\"https:\\\/\\\/www.visscher-caravelle.com\\\/#\\\/schema\\\/logo\\\/image\\\/\"}}]}<\/script>\n<!-- \/ Yoast SEO plugin. -->","yoast_head_json":{"title":"Pol\u00edtica de cookies - Visscher-Caravelle","robots":{"index":"index","follow":"follow","max-snippet":"max-snippet:-1","max-image-preview":"max-image-preview:large","max-video-preview":"max-video-preview:-1"},"canonical":"https:\/\/www.visscher-caravelle.com\/es\/cookie-policy\/","og_locale":"es_ES","og_type":"article","og_title":"Pol\u00edtica de cookies - Visscher-Caravelle","og_description":"Pol\u00edtica de cookies En esta p\u00e1gina encontrar\u00e1 el aviso legal de www.visscher-caravelle.com, tal como lo pone a disposici\u00f3n Visscher-Caravelle b.v. En este aviso legal, indicamos bajo qu\u00e9 condiciones le ofrecemos la informaci\u00f3n en nuestro sitio web. Propiedad intelectual El uso de la informaci\u00f3n en este sitio web es gratuito siempre y cuando no copie, distribuya [&hellip;]","og_url":"https:\/\/www.visscher-caravelle.com\/es\/cookie-policy\/","og_site_name":"Visscher-Caravelle","article_modified_time":"2019-07-29T09:32:06+00:00","twitter_card":"summary_large_image","twitter_misc":{"Est. reading time":"1 minute"},"schema":{"@context":"https:\/\/schema.org","@graph":[{"@type":"WebPage","@id":"https:\/\/www.visscher-caravelle.com\/es\/cookie-policy\/","url":"https:\/\/www.visscher-caravelle.com\/es\/cookie-policy\/","name":"Pol\u00edtica de cookies - Visscher-Caravelle","isPartOf":{"@id":"https:\/\/www.visscher-caravelle.com\/#website"},"datePublished":"2018-12-10T10:51:30+00:00","dateModified":"2019-07-29T09:32:06+00:00","breadcrumb":{"@id":"https:\/\/www.visscher-caravelle.com\/es\/cookie-policy\/#breadcrumb"},"inLanguage":"es-ES","potentialAction":[{"@type":"ReadAction","target":["https:\/\/www.visscher-caravelle.com\/es\/cookie-policy\/"]}]},{"@type":"BreadcrumbList","@id":"https:\/\/www.visscher-caravelle.com\/es\/cookie-policy\/#breadcrumb","itemListElement":[{"@type":"ListItem","position":1,"name":"Home","item":"https:\/\/www.visscher-caravelle.com\/es\/"},{"@type":"ListItem","position":2,"name":"Pol\u00edtica de cookies"}]},{"@type":"WebSite","@id":"https:\/\/www.visscher-caravelle.com\/#website","url":"https:\/\/www.visscher-caravelle.com\/","name":"Visscher-Caravelle","description":"","publisher":{"@id":"https:\/\/www.visscher-caravelle.com\/#organization"},"potentialAction":[{"@type":"SearchAction","target":{"@type":"EntryPoint","urlTemplate":"https:\/\/www.visscher-caravelle.com\/?s={search_term_string}"},"query-input":{"@type":"PropertyValueSpecification","valueRequired":true,"valueName":"search_term_string"}}],"inLanguage":"es-ES"},{"@type":"Organization","@id":"https:\/\/www.visscher-caravelle.com\/#organization","name":"Visscher-Caravelle","url":"https:\/\/www.visscher-caravelle.com\/","logo":{"@type":"ImageObject","inLanguage":"es-ES","@id":"https:\/\/www.visscher-caravelle.com\/#\/schema\/logo\/image\/","url":"https:\/\/www.visscher-caravelle.com\/wp-content\/uploads\/2018\/08\/logoVC-1-small.png","contentUrl":"https:\/\/www.visscher-caravelle.com\/wp-content\/uploads\/2018\/08\/logoVC-1-small.png","width":255,"height":56,"caption":"Visscher-Caravelle"},"image":{"@id":"https:\/\/www.visscher-caravelle.com\/#\/schema\/logo\/image\/"}}]}},"_links":{"self":[{"href":"https:\/\/www.visscher-caravelle.com\/es\/wp-json\/wp\/v2\/pages\/4440","targetHints":{"allow":["GET"]}}],"collection":[{"href":"https:\/\/www.visscher-caravelle.com\/es\/wp-json\/wp\/v2\/pages"}],"about":[{"href":"https:\/\/www.visscher-caravelle.com\/es\/wp-json\/wp\/v2\/types\/page"}],"author":[{"embeddable":true,"href":"https:\/\/www.visscher-caravelle.com\/es\/wp-json\/wp\/v2\/users\/11"}],"replies":[{"embeddable":true,"href":"https:\/\/www.visscher-caravelle.com\/es\/wp-json\/wp\/v2\/comments?post=4440"}],"version-history":[{"count":13,"href":"https:\/\/www.visscher-caravelle.com\/es\/wp-json\/wp\/v2\/pages\/4440\/revisions"}],"predecessor-version":[{"id":6631,"href":"https:\/\/www.visscher-caravelle.com\/es\/wp-json\/wp\/v2\/pages\/4440\/revisions\/6631"}],"wp:attachment":[{"href":"https:\/\/www.visscher-caravelle.com\/es\/wp-json\/wp\/v2\/media?parent=4440"}],"curies":[{"name":"wp","href":"https:\/\/api.w.org\/{rel}","templated":true}]}}